{"id":21,"date":"2016-05-19T20:55:32","date_gmt":"2016-05-19T20:55:32","guid":{"rendered":"http:\/\/maennerchor-dirlewang.de\/?page_id=21"},"modified":"2024-02-10T11:26:45","modified_gmt":"2024-02-10T10:26:45","slug":"maennerchor","status":"publish","type":"page","link":"https:\/\/maennerchor-dirlewang.de\/?page_id=21","title":{"rendered":"M\u00e4nnerchor"},"content":{"rendered":"<p><img loading=\"lazy\" decoding=\"async\" class=\" wp-image-18 alignleft\" src=\"https:\/\/maennerchor-dirlewang.de\/wp-content\/uploads\/2016\/05\/MCH-Logo_web_300_sq.png\" alt=\"MCH-Logo_web_300_sq\" width=\"200\" height=\"200\" srcset=\"https:\/\/maennerchor-dirlewang.de\/wp-content\/uploads\/2016\/05\/MCH-Logo_web_300_sq.png 300w, https:\/\/maennerchor-dirlewang.de\/wp-content\/uploads\/2016\/05\/MCH-Logo_web_300_sq-150x150.png 150w\" sizes=\"auto, (max-width: 200px) 100vw, 200px\" \/><\/p>\n<p>Willkommen beim Internetauftritt des M\u00e4nnerchors Dirlewang.<\/p>\n<p>Wir haben es uns zur Aufgabe gemacht, die Kultur des Chorgesangs in unserer Umgebung zu f\u00f6rdern und aktiv am Dorfleben in unserer Gemeinde mitzuwirken.<\/p>\n<p>Dazu veranstalten wir unter anderem unser j\u00e4hrliches Weinfest Mitte Oktober,\u00a0engagieren uns im F\u00f6rderverein unserer Marktgemeinde\u00a0und gestalten mehrere Gottesdienste unserer Pfarrgemeinde St. Michael in Dirlewang mit.<\/p>\n<p>Bei unseren S\u00e4ngern\u00a0gibt es keine Grenzen zwischen jung und alt, was sich auch an unserem Repertoire zeigt.<br \/>\nBei Volks- und Heimatliedern, Arrangements aus klassischen St\u00fccken, Operetten und Musicals, Schlagern und A-cappella-Interpretationen von Popsongs ist f\u00fcr jeden etwas dabei.<br \/>\nSo bewahren wir uns die Tradition eines gestandenen M\u00e4nnerchores und sind doch gleichzeitig offen und\u00a0attraktiv f\u00fcr die j\u00fcngere Generation.<\/p>\n<p>Wenn Sie selbst Lust am Mitsingen in unserem M\u00e4nnerchor haben oder sich noch nicht sicher sind, dann besuchen Sie uns doch einfach unverbindlich bei unserer n\u00e4chsten<span class=\"Apple-converted-space\">\u00a0<\/span><strong><span style=\"color: #ff0000;\">Singprobe<\/span><\/strong>, die immer<span class=\"Apple-converted-space\">\u00a0<\/span><span style=\"color: #ff0000;\"><strong>Montag abends um <\/strong><\/span><span class=\"Apple-converted-space\"><span style=\"color: #ff0000;\"><strong>19:30 Uhr<\/strong><\/span> (steht auch rechts unter &#8222;Termine f\u00fcr S\u00e4nger&#8220;) <\/span>in unserer<span class=\"Apple-converted-space\">\u00a0<\/span><a href=\"https:\/\/maennerchor-dirlewang.de\/?location=saengerklause-dirlewang\"><strong><span style=\"color: #ff0000;\">S\u00e4ngerklause<\/span><\/strong><\/a><span class=\"Apple-converted-space\">\u00a0<\/span>zwischen Rathaus und Schule stattfindet.<br \/>\nOder danach beim geselligen Beieinandersein in der S\u00e4ngerklause.<br \/>\nOder sprechen Sie unsere S\u00e4nger bei unseren Auftritten oder jederzeit sonst an.<\/p>\n<p><span style=\"color: #ff0000;\"><strong>Keine Sorge<\/strong><\/span> &#8211; bei uns muss niemand vorsingen. Man kann also ganz gem\u00fctlich &#8222;in der zweiten Reihe&#8220; starten.<\/p>\n<p>Telefonisch k\u00f6nnen Sie sich nat\u00fcrlich auch informieren bei:<\/p>\n<p>Christian Zoller (Tel. 0171 8668608 oder 08267 960298)<br \/>\nMarkus Mayrock (Tel. 08267 1215)<br \/>\nHelmut Gaspar (Tel. 08267 568)<\/p>\n<p>Erfahren Sie mehr \u00fcber uns beim Lesen unserer Seiten und informieren Sie sich regelm\u00e4\u00dfig \u00fcber Neuigkeiten und Aktivit\u00e4ten unseres Vereins.<\/p>\n<p>Viel Vergn\u00fcgen dabei!<\/p>\n","protected":false},"excerpt":{"rendered":"<p>Willkommen beim Internetauftritt des M\u00e4nnerchors Dirlewang. Wir haben es uns zur Aufgabe gemacht, die Kultur des Chorgesangs in unserer Umgebung zu f\u00f6rdern und aktiv am Dorfleben in unserer Gemeinde mitzuwirken. Dazu veranstalten wir unter anderem unser j\u00e4hrliches Weinfest Mitte Oktober,\u00a0engagieren uns im F\u00f6rderverein unserer Marktgemeinde\u00a0und gestalten mehrere Gottesdienste unserer Pfarrgemeinde St. Michael in Dirlewang mit. &hellip; <a href=\"https:\/\/maennerchor-dirlewang.de\/?page_id=21\" class=\"more-link\"><span class=\"screen-reader-text\">M\u00e4nnerchor<\/span> weiterlesen <span class=\"meta-nav\">&rarr;<\/span><\/a><\/p>\n","protected":false},"author":3,"featured_media":0,"parent":0,"menu_order":10,"comment_status":"closed","ping_status":"closed","template":"","meta":{"footnotes":""},"class_list":["post-21","page","type-page","status-publish","hentry"],"_links":{"self":[{"href":"https:\/\/maennerchor-dirlewang.de\/index.php?rest_route=\/wp\/v2\/pages\/21","targetHints":{"allow":["GET"]}}],"collection":[{"href":"https:\/\/maennerchor-dirlewang.de\/index.php?rest_route=\/wp\/v2\/pages"}],"about":[{"href":"https:\/\/maennerchor-dirlewang.de\/index.php?rest_route=\/wp\/v2\/types\/page"}],"author":[{"embeddable":true,"href":"https:\/\/maennerchor-dirlewang.de\/index.php?rest_route=\/wp\/v2\/users\/3"}],"replies":[{"embeddable":true,"href":"https:\/\/maennerchor-dirlewang.de\/index.php?rest_route=%2Fwp%2Fv2%2Fcomments&post=21"}],"version-history":[{"count":12,"href":"https:\/\/maennerchor-dirlewang.de\/index.php?rest_route=\/wp\/v2\/pages\/21\/revisions"}],"predecessor-version":[{"id":1184,"href":"https:\/\/maennerchor-dirlewang.de\/index.php?rest_route=\/wp\/v2\/pages\/21\/revisions\/1184"}],"wp:attachment":[{"href":"https:\/\/maennerchor-dirlewang.de\/index.php?rest_route=%2Fwp%2Fv2%2Fmedia&parent=21"}],"curies":[{"name":"wp","href":"https:\/\/api.w.org\/{rel}","templated":true}]}}