{"id":23,"date":"2016-05-19T20:59:52","date_gmt":"2016-05-19T20:59:52","guid":{"rendered":"http:\/\/maennerchor-dirlewang.de\/?page_id=23"},"modified":"2026-02-08T22:17:08","modified_gmt":"2026-02-08T21:17:08","slug":"klangkoerper","status":"publish","type":"page","link":"https:\/\/maennerchor-dirlewang.de\/?page_id=23","title":{"rendered":"&#8222;Klangk\u00f6rper&#8220;"},"content":{"rendered":"<p>Das\u00a0Stimmpotential unseres Chores bilden derzeit<\/p>\n<ul>\n<li>4 erste Ten\u00f6re<\/li>\n<li>6 zweite Ten\u00f6re<\/li>\n<li>6 erste B\u00e4sse<\/li>\n<li>5 zweite B\u00e4sse<\/li>\n<\/ul>\n<div>Wir freuen uns\u00a0nat\u00fcrlich jederzeit \u00fcber weiteren\u00a0&#8222;Nachwuchs&#8220;.<\/div>\n<div>Wenn Sie Interesse am Singen haben, besuchen Sie uns doch einfach unverbindlich bei unserer n\u00e4chsten Singprobe, die immer Montag abends um 19:30 Uhr (steht rechts unter &#8222;Termine f\u00fcr S\u00e4nger&#8220;) in unserer S\u00e4ngerklause zwischen Rathaus und Schule stattfindet. Oder sprechen Sie unsere S\u00e4nger an.<br \/>\nTelefonisch k\u00f6nnen Sie sich nat\u00fcrlich auch informieren bei:<\/div>\n<div><\/div>\n<ul>\n<li>Christian Zoller (Tel. 0171 8668608 oder 08267 960298)<\/li>\n<li>Markus Mayrock (Tel. 08267 1215)<\/li>\n<li>Helmut Gaspar (Tel. 08267 568)<\/li>\n<\/ul>\n<div><\/div>\n","protected":false},"excerpt":{"rendered":"<p>Das\u00a0Stimmpotential unseres Chores bilden derzeit 4 erste Ten\u00f6re 6 zweite Ten\u00f6re 6 erste B\u00e4sse 5 zweite B\u00e4sse Wir freuen uns\u00a0nat\u00fcrlich jederzeit \u00fcber weiteren\u00a0&#8222;Nachwuchs&#8220;. Wenn Sie Interesse am Singen haben, besuchen Sie uns doch einfach unverbindlich bei unserer n\u00e4chsten Singprobe, die immer Montag abends um 19:30 Uhr (steht rechts unter &#8222;Termine f\u00fcr S\u00e4nger&#8220;) in unserer S\u00e4ngerklause &hellip; <a href=\"https:\/\/maennerchor-dirlewang.de\/?page_id=23\" class=\"more-link\"><span class=\"screen-reader-text\">&#8222;Klangk\u00f6rper&#8220;<\/span> weiterlesen <span class=\"meta-nav\">&rarr;<\/span><\/a><\/p>\n","protected":false},"author":3,"featured_media":12,"parent":21,"menu_order":11,"comment_status":"closed","ping_status":"closed","template":"","meta":{"footnotes":""},"class_list":["post-23","page","type-page","status-publish","has-post-thumbnail","hentry"],"_links":{"self":[{"href":"https:\/\/maennerchor-dirlewang.de\/index.php?rest_route=\/wp\/v2\/pages\/23","targetHints":{"allow":["GET"]}}],"collection":[{"href":"https:\/\/maennerchor-dirlewang.de\/index.php?rest_route=\/wp\/v2\/pages"}],"about":[{"href":"https:\/\/maennerchor-dirlewang.de\/index.php?rest_route=\/wp\/v2\/types\/page"}],"author":[{"embeddable":true,"href":"https:\/\/maennerchor-dirlewang.de\/index.php?rest_route=\/wp\/v2\/users\/3"}],"replies":[{"embeddable":true,"href":"https:\/\/maennerchor-dirlewang.de\/index.php?rest_route=%2Fwp%2Fv2%2Fcomments&post=23"}],"version-history":[{"count":8,"href":"https:\/\/maennerchor-dirlewang.de\/index.php?rest_route=\/wp\/v2\/pages\/23\/revisions"}],"predecessor-version":[{"id":1424,"href":"https:\/\/maennerchor-dirlewang.de\/index.php?rest_route=\/wp\/v2\/pages\/23\/revisions\/1424"}],"up":[{"embeddable":true,"href":"https:\/\/maennerchor-dirlewang.de\/index.php?rest_route=\/wp\/v2\/pages\/21"}],"wp:featuredmedia":[{"embeddable":true,"href":"https:\/\/maennerchor-dirlewang.de\/index.php?rest_route=\/wp\/v2\/media\/12"}],"wp:attachment":[{"href":"https:\/\/maennerchor-dirlewang.de\/index.php?rest_route=%2Fwp%2Fv2%2Fmedia&parent=23"}],"curies":[{"name":"wp","href":"https:\/\/api.w.org\/{rel}","templated":true}]}}