{"id":25,"date":"2016-05-19T21:03:10","date_gmt":"2016-05-19T21:03:10","guid":{"rendered":"http:\/\/maennerchor-dirlewang.de\/?page_id=25"},"modified":"2017-01-29T12:52:48","modified_gmt":"2017-01-29T11:52:48","slug":"chorleiter-und-pianist","status":"publish","type":"page","link":"https:\/\/maennerchor-dirlewang.de\/?page_id=25","title":{"rendered":"Chorleiter und Pianist"},"content":{"rendered":"<p>Damit sich die &#8222;brachiale Stimmgewalt&#8220; unserer aktiven S\u00e4nger in wohlklingenden Chorgesang entl\u00e4dt, daf\u00fcr sorgt unser Chorleiter<\/p>\n<ul>\n<li>Richard Hoffmann<\/li>\n<\/ul>\n<p>Bei unseren Konzerten, Gottesdienstgestaltungen und anderen Veranstaltungen klingt die instrumentale Begleitung am sch\u00f6nsten durch unseren Pianisten, Organisten und &#8211; im Fall des Falles &#8211; stellvertretenden Chorleiter<\/p>\n<ul>\n<li>Ludwig Salger<\/li>\n<\/ul>\n<div><\/div>\n","protected":false},"excerpt":{"rendered":"<p>Damit sich die &#8222;brachiale Stimmgewalt&#8220; unserer aktiven S\u00e4nger in wohlklingenden Chorgesang entl\u00e4dt, daf\u00fcr sorgt unser Chorleiter Richard Hoffmann Bei unseren Konzerten, Gottesdienstgestaltungen und anderen Veranstaltungen klingt die instrumentale Begleitung am sch\u00f6nsten durch unseren Pianisten, Organisten und &#8211; im Fall des Falles &#8211; stellvertretenden Chorleiter Ludwig Salger<\/p>\n","protected":false},"author":3,"featured_media":17,"parent":21,"menu_order":12,"comment_status":"closed","ping_status":"closed","template":"","meta":{"footnotes":""},"class_list":["post-25","page","type-page","status-publish","has-post-thumbnail","hentry"],"_links":{"self":[{"href":"https:\/\/maennerchor-dirlewang.de\/index.php?rest_route=\/wp\/v2\/pages\/25","targetHints":{"allow":["GET"]}}],"collection":[{"href":"https:\/\/maennerchor-dirlewang.de\/index.php?rest_route=\/wp\/v2\/pages"}],"about":[{"href":"https:\/\/maennerchor-dirlewang.de\/index.php?rest_route=\/wp\/v2\/types\/page"}],"author":[{"embeddable":true,"href":"https:\/\/maennerchor-dirlewang.de\/index.php?rest_route=\/wp\/v2\/users\/3"}],"replies":[{"embeddable":true,"href":"https:\/\/maennerchor-dirlewang.de\/index.php?rest_route=%2Fwp%2Fv2%2Fcomments&post=25"}],"version-history":[{"count":1,"href":"https:\/\/maennerchor-dirlewang.de\/index.php?rest_route=\/wp\/v2\/pages\/25\/revisions"}],"predecessor-version":[{"id":26,"href":"https:\/\/maennerchor-dirlewang.de\/index.php?rest_route=\/wp\/v2\/pages\/25\/revisions\/26"}],"up":[{"embeddable":true,"href":"https:\/\/maennerchor-dirlewang.de\/index.php?rest_route=\/wp\/v2\/pages\/21"}],"wp:featuredmedia":[{"embeddable":true,"href":"https:\/\/maennerchor-dirlewang.de\/index.php?rest_route=\/wp\/v2\/media\/17"}],"wp:attachment":[{"href":"https:\/\/maennerchor-dirlewang.de\/index.php?rest_route=%2Fwp%2Fv2%2Fmedia&parent=25"}],"curies":[{"name":"wp","href":"https:\/\/api.w.org\/{rel}","templated":true}]}}