{"id":27,"date":"2016-05-19T21:05:02","date_gmt":"2016-05-19T21:05:02","guid":{"rendered":"http:\/\/maennerchor-dirlewang.de\/?page_id=27"},"modified":"2021-06-21T12:13:13","modified_gmt":"2021-06-21T10:13:13","slug":"vorstand","status":"publish","type":"page","link":"https:\/\/maennerchor-dirlewang.de\/?page_id=27","title":{"rendered":"Vorstand"},"content":{"rendered":"<p>Den aktuellen Vorstand des M\u00e4nnerchors Dirlewang bilden<\/p>\n<p><strong>Vorsitzende<\/strong><\/p>\n<ul>\n<li>Helmut Gaspar<\/li>\n<li>Markus Mayrock<\/li>\n<li>Christian Zoller (Hauptansprechpartner)<\/li>\n<\/ul>\n<div><strong>Chorleiter<\/strong><\/div>\n<ul>\n<li>Richard Hoffmann<\/li>\n<\/ul>\n<div><strong>Kassierer<\/strong><\/div>\n<ul>\n<li>Andreas Rothfelder<\/li>\n<\/ul>\n<div><strong>Schriftf\u00fchrer<\/strong><\/div>\n<ul>\n<li>Johann Irsigler<\/li>\n<\/ul>\n<div><strong>Beisitzer<\/strong><\/div>\n<ul>\n<li>Armin Egger (stellv. Notenwart)<\/li>\n<li>Elmar Frey (2020 f\u00fcr Hans Frey nachger\u00fcckt)<\/li>\n<li>Johann Holzheu (Notenwart)<\/li>\n<li>Fritz Schlie\u00dfer (stellv. Kassierer)<\/li>\n<\/ul>\n<div><\/div>\n","protected":false},"excerpt":{"rendered":"<p>Den aktuellen Vorstand des M\u00e4nnerchors Dirlewang bilden Vorsitzende Helmut Gaspar Markus Mayrock Christian Zoller (Hauptansprechpartner) Chorleiter Richard Hoffmann Kassierer Andreas Rothfelder Schriftf\u00fchrer Johann Irsigler Beisitzer Armin Egger (stellv. Notenwart) Elmar Frey (2020 f\u00fcr Hans Frey nachger\u00fcckt) Johann Holzheu (Notenwart) Fritz Schlie\u00dfer (stellv. Kassierer)<\/p>\n","protected":false},"author":3,"featured_media":16,"parent":21,"menu_order":15,"comment_status":"closed","ping_status":"closed","template":"","meta":{"footnotes":""},"class_list":["post-27","page","type-page","status-publish","has-post-thumbnail","hentry"],"_links":{"self":[{"href":"https:\/\/maennerchor-dirlewang.de\/index.php?rest_route=\/wp\/v2\/pages\/27","targetHints":{"allow":["GET"]}}],"collection":[{"href":"https:\/\/maennerchor-dirlewang.de\/index.php?rest_route=\/wp\/v2\/pages"}],"about":[{"href":"https:\/\/maennerchor-dirlewang.de\/index.php?rest_route=\/wp\/v2\/types\/page"}],"author":[{"embeddable":true,"href":"https:\/\/maennerchor-dirlewang.de\/index.php?rest_route=\/wp\/v2\/users\/3"}],"replies":[{"embeddable":true,"href":"https:\/\/maennerchor-dirlewang.de\/index.php?rest_route=%2Fwp%2Fv2%2Fcomments&post=27"}],"version-history":[{"count":3,"href":"https:\/\/maennerchor-dirlewang.de\/index.php?rest_route=\/wp\/v2\/pages\/27\/revisions"}],"predecessor-version":[{"id":874,"href":"https:\/\/maennerchor-dirlewang.de\/index.php?rest_route=\/wp\/v2\/pages\/27\/revisions\/874"}],"up":[{"embeddable":true,"href":"https:\/\/maennerchor-dirlewang.de\/index.php?rest_route=\/wp\/v2\/pages\/21"}],"wp:featuredmedia":[{"embeddable":true,"href":"https:\/\/maennerchor-dirlewang.de\/index.php?rest_route=\/wp\/v2\/media\/16"}],"wp:attachment":[{"href":"https:\/\/maennerchor-dirlewang.de\/index.php?rest_route=%2Fwp%2Fv2%2Fmedia&parent=27"}],"curies":[{"name":"wp","href":"https:\/\/api.w.org\/{rel}","templated":true}]}}