{"id":36,"date":"2016-05-19T21:19:41","date_gmt":"2016-05-19T19:19:41","guid":{"rendered":"http:\/\/maennerchor-dirlewang.de\/?page_id=36"},"modified":"2024-02-10T11:46:21","modified_gmt":"2024-02-10T10:46:21","slug":"pressemeldungen","status":"publish","type":"page","link":"https:\/\/maennerchor-dirlewang.de\/?page_id=36","title":{"rendered":"Pressemeldungen"},"content":{"rendered":"<p>Berichte von unseren Veranstaltungen, die in der lokalen Presse erscheinen, d\u00fcrfen wir in der Regel nur per Link auf die Quelle wiedergeben.<\/p>\n<p><a href=\"https:\/\/www.augsburger-allgemeine.de\/mindelheim\/dirlewang-stimmliches-kontrastprogramm-beim-dirlewanger-weinfest-id68297366.html\" target=\"_blank\" rel=\"noopener\">Weinfest 2023 des M\u00e4nnerchors in der Turnhalle Dirlewang<\/a><\/p>\n<p><a href=\"https:\/\/www.augsburger-allgemeine.de\/mindelheim\/koengetried-ein-abend-voller-lebensfreude-mit-dem-gesangverein-koengetried-und-seinen-gaesten-id66902976.html\" target=\"_blank\" rel=\"noopener\">Jahreskonzert 2023 des Gesangvereins K\u00f6ngetried<\/a><\/p>\n<p>&#8222;S\u00e4ngersause im Dorfgemeinschaftshause&#8220; 2023 des M\u00e4nnerchors<\/p>\n<p><a href=\"https:\/\/www.augsburger-allgemeine.de\/mindelheim\/Im-Wein-fest-liegt-die-Wahrheit-id55890481.html\" target=\"_blank\" rel=\"noopener noreferrer\">Weinfest in Ettringen 2019 (als Gastchor)<\/a><\/p>\n<p><a href=\"https:\/\/www.augsburger-allgemeine.de\/mindelheim\/Ein-Abend-mit-Pippi-Wickie-und-tollen-Stimmen-id55795816.html\" target=\"_blank\" rel=\"noopener noreferrer\">Weinfest 2019 des M\u00e4nnerchors in der Turnhalle Dirlewang<\/a><\/p>\n<p><a href=\"https:\/\/www.augsburger-allgemeine.de\/illertissen\/Saenger-laden-zum-Traeumen-ein-id52593221.html\">Chorkonzert in Tiefenbach\/Illertissen 2018 (als Gastchor)<\/a><\/p>\n<p><a href=\"https:\/\/www.augsburger-allgemeine.de\/mindelheim\/Hoergenuss-querbeet-id52496701.html\">Weinfest 2018 des M\u00e4nnerchors in der Turnhalle Dirlewang<\/a><\/p>\n<p>Chorkonzert in Bad Elster, Vogtland 2018 (als Gastchor beim Vogtlandchor Vocapella)<\/p>\n<p><a href=\"http:\/\/www.augsburger-allgemeine.de\/mindelheim\/Wein-Mann-und-Gesang-id43057911.html\" target=\"_blank\" rel=\"noopener noreferrer\">Weinfest 2017 des M\u00e4nnerchors in der Turnhalle Dirlewang<\/a><\/p>\n<p><a href=\"http:\/\/www.augsburger-allgemeine.de\/mindelheim\/Wie-das-Weinfest-ein-Fest-fuer-alle-Sinne-wurde-id39475552.html\" target=\"_blank\" rel=\"noopener noreferrer\">Weinfest 2016 des M\u00e4nnerchors in der Turnhalle<\/a><\/p>\n<p><a href=\"http:\/\/www.augsburger-allgemeine.de\/mindelheim\/Klingender-Fruehling-id37702152.html\" target=\"_blank\" rel=\"noopener noreferrer\">Fr\u00fchlingsfest 2016 des M\u00e4nnerchors in der Turnhalle Dirlewang<\/a><\/p>\n<p><a href=\"http:\/\/www.augsburger-allgemeine.de\/mindelheim\/Melodien-Cocktail-beim-Weinfest-id35852592.html\" target=\"_blank\" rel=\"noopener noreferrer\">Weinfest 2015 des M\u00e4nnerchors in der Turnhalle Dirlewang<\/a><\/p>\n<p><a href=\"http:\/\/www.augsburger-allgemeine.de\/mindelheim\/Sie-haben-seit-50-Jahren-Gold-in-der-Kehle-id34131997.html\" target=\"_blank\" rel=\"noopener noreferrer\">Jubil\u00e4umskonzert in Kirchheim 2015 (als Gastchor)<\/a><\/p>\n<p><a href=\"http:\/\/www.augsburger-allgemeine.de\/mindelheim\/Dirlewanger-Chor-mit-neuer-Spitze-id33738627.html\" target=\"_blank\" rel=\"noopener noreferrer\">Generalversammlung 2015 mit Neuwahlen<\/a><\/p>\n<p><a href=\"http:\/\/www.augsburger-allgemeine.de\/mindelheim\/Querbeet-durch-die-Musik-id27470507.html\" target=\"_blank\" rel=\"noopener noreferrer\">Weinfest 2013 des M\u00e4nnerchors in der Turnhalle<\/a><\/p>\n<p><a href=\"http:\/\/www.augsburger-allgemeine.de\/guenzburg\/Lebensfreude-von-grossen-und-kleinen-Musikern-id25597116.html\" target=\"_blank\" rel=\"noopener noreferrer\">Chorkonzert\u00a0in Waldstetten 2013\u00a0(als Gastchor)<\/a><\/p>\n","protected":false},"excerpt":{"rendered":"<p>Berichte von unseren Veranstaltungen, die in der lokalen Presse erscheinen, d\u00fcrfen wir in der Regel nur per Link auf die Quelle wiedergeben. Weinfest 2023 des M\u00e4nnerchors in der Turnhalle Dirlewang Jahreskonzert 2023 des Gesangvereins K\u00f6ngetried &#8222;S\u00e4ngersause im Dorfgemeinschaftshause&#8220; 2023 des M\u00e4nnerchors Weinfest in Ettringen 2019 (als Gastchor) Weinfest 2019 des M\u00e4nnerchors in der Turnhalle Dirlewang &hellip; <a href=\"https:\/\/maennerchor-dirlewang.de\/?page_id=36\" class=\"more-link\"><span class=\"screen-reader-text\">Pressemeldungen<\/span> weiterlesen <span class=\"meta-nav\">&rarr;<\/span><\/a><\/p>\n","protected":false},"author":3,"featured_media":37,"parent":32,"menu_order":75,"comment_status":"closed","ping_status":"closed","template":"","meta":{"footnotes":""},"class_list":["post-36","page","type-page","status-publish","has-post-thumbnail","hentry"],"_links":{"self":[{"href":"https:\/\/maennerchor-dirlewang.de\/index.php?rest_route=\/wp\/v2\/pages\/36","targetHints":{"allow":["GET"]}}],"collection":[{"href":"https:\/\/maennerchor-dirlewang.de\/index.php?rest_route=\/wp\/v2\/pages"}],"about":[{"href":"https:\/\/maennerchor-dirlewang.de\/index.php?rest_route=\/wp\/v2\/types\/page"}],"author":[{"embeddable":true,"href":"https:\/\/maennerchor-dirlewang.de\/index.php?rest_route=\/wp\/v2\/users\/3"}],"replies":[{"embeddable":true,"href":"https:\/\/maennerchor-dirlewang.de\/index.php?rest_route=%2Fwp%2Fv2%2Fcomments&post=36"}],"version-history":[{"count":11,"href":"https:\/\/maennerchor-dirlewang.de\/index.php?rest_route=\/wp\/v2\/pages\/36\/revisions"}],"predecessor-version":[{"id":1187,"href":"https:\/\/maennerchor-dirlewang.de\/index.php?rest_route=\/wp\/v2\/pages\/36\/revisions\/1187"}],"up":[{"embeddable":true,"href":"https:\/\/maennerchor-dirlewang.de\/index.php?rest_route=\/wp\/v2\/pages\/32"}],"wp:featuredmedia":[{"embeddable":true,"href":"https:\/\/maennerchor-dirlewang.de\/index.php?rest_route=\/wp\/v2\/media\/37"}],"wp:attachment":[{"href":"https:\/\/maennerchor-dirlewang.de\/index.php?rest_route=%2Fwp%2Fv2%2Fmedia&parent=36"}],"curies":[{"name":"wp","href":"https:\/\/api.w.org\/{rel}","templated":true}]}}