{"id":39,"date":"2016-05-19T21:22:39","date_gmt":"2016-05-19T21:22:39","guid":{"rendered":"http:\/\/maennerchor-dirlewang.de\/?page_id=39"},"modified":"2024-02-10T11:18:49","modified_gmt":"2024-02-10T10:18:49","slug":"links","status":"publish","type":"page","link":"https:\/\/maennerchor-dirlewang.de\/?page_id=39","title":{"rendered":"Links"},"content":{"rendered":"<p>Nachfolgend finden Sie einige Links zu Informationen aus der Welt des Chorgesangs sowie zu befreundeten Ch\u00f6ren und Vereinen.<\/p>\n<p>Wir \u00fcberpr\u00fcfen in regelm\u00e4\u00dfigen Abst\u00e4nden die technische Funktion der Links.<br \/>\nWir \u00fcbernehmen aber keine Verantwortung f\u00fcr die Inhalte der verlinkten Seiten &#8211; siehe daher auch unser Disclaimer im <a href=\"https:\/\/maennerchor-dirlewang.de\/?page_id=43\" target=\"_blank\" rel=\"noopener noreferrer\">Impressum<\/a>.<\/p>\n<p>Sollte Ihnen auffallen, dass Links nicht funktionieren oder dass sich auf den verlinkten Seiten rechtlich bedenklicher Inhalt befindet, so melden Sie dies bitte an unsere<span class=\"Apple-converted-space\">\u00a0<\/span><a href=\"https:\/\/maennerchor-dirlewang.de\/?page_id=41\">Administratoren<\/a>.<\/p>\n<h4><strong>Singen ist gesund!<\/strong><\/h4>\n<ul>\n<li><a href=\"https:\/\/www.wissenschaftsjahr.de\/2018\/klingt-nach-teamwork\/aktuelles\/aktuellen-meldungen\/singen-und-gesundheit\/\" target=\"_blank\" rel=\"noopener noreferrer\">Wissenschaftsjahr (BMBF): Singen und Gesundheit<\/a><\/li>\n<li><a href=\"https:\/\/www.ndr.de\/ratgeber\/gesundheit\/Im-Chor-oder-allein-So-gesund-ist-Singen,musik892.html\" target=\"_blank\" rel=\"noopener noreferrer\">NDR: So gesund ist singen<\/a><\/li>\n<li><a href=\"https:\/\/www.welt.de\/wissenschaft\/article1461487\/Warum-Singen-gesund-ist.html\" target=\"_blank\" rel=\"noopener noreferrer\">WeltN24: Warum Singen gesund ist<\/a><\/li>\n<li><a href=\"http:\/\/www.stern.de\/kultur\/musik\/warum-im-chor-singen-wieder-hip-ist-7310414.html\" target=\"_blank\" rel=\"noopener noreferrer\">Stern: Warum im Chor singen wieder hip ist<\/a><\/li>\n<li><a href=\"http:\/\/www.planet-wissen.de\/kultur\/musik\/singstimme\/pwiewarumsingtdermensch100.html\" target=\"_blank\" rel=\"noopener noreferrer\">Planet Wissen: Warum singt der Mensch?<\/a><\/li>\n<li><a href=\"https:\/\/www.fitforfun.de\/gesundheit\/singen-staerkt-die-gesundheit_aid_4290.html\" target=\"_blank\" rel=\"noopener noreferrer\">FIT FOR FUN: Singen st\u00e4rkt die Gesundheit<\/a><\/li>\n<li><a href=\"http:\/\/www.spiegel.de\/wissenschaft\/mensch\/evolution-singen-bringt-menschen-ueberlebensvorteil-a-501895.html\" target=\"_blank\" rel=\"noopener noreferrer\">Spiegel: Singen bringt Menschen \u00dcberlebensvorteil<\/a><\/li>\n<li><a href=\"http:\/\/www.sueddeutsche.de\/gesundheit\/therapie-fuer-raucherlunge-chor-statt-kippe-1.1838576\" target=\"_blank\" rel=\"noopener noreferrer\">S\u00fcddeutsche: Chor statt Kippe<\/a><\/li>\n<li><a href=\"https:\/\/www.wp.de\/staedte\/hagen\/warum-singende-maenner-in-choeren-eigentlich-sexy-sind-id11820252.html\" target=\"_blank\" rel=\"noopener noreferrer\">Westfalenpost: Warum singende M\u00e4nner in Ch\u00f6ren eigentlich sexy sind<\/a><\/li>\n<li><a href=\"http:\/\/vimeo.com\/55865467\" target=\"_blank\" rel=\"noopener noreferrer\">Imagefilm<\/a><\/li>\n<\/ul>\n<h5>Verb\u00e4nde<\/h5>\n<ul>\n<li><a href=\"http:\/\/saengerkreis-ua.de\/\" target=\"_blank\" rel=\"noopener noreferrer\">S\u00e4ngerkreis Unterallg\u00e4u<\/a><\/li>\n<li><a href=\"http:\/\/www.chorverband-cbs.de\/\" target=\"_blank\" rel=\"noopener noreferrer\">Chorverband Bayerisch-Schwaben<\/a><u><\/u><\/li>\n<\/ul>\n<h5>Ch\u00f6re<\/h5>\n<ul>\n<li><a href=\"http:\/\/www.gesang.koengetried.de\/\" target=\"_blank\" rel=\"noopener noreferrer\">Gesangverein K\u00f6ngetried<\/a><\/li>\n<li><a href=\"http:\/\/mcmwo.de\/\" target=\"_blank\" rel=\"noopener noreferrer\">M\u00e4nnerchor Markt Wald &#8211; Oberneufnach e.V.<\/a><\/li>\n<\/ul>\n<h5>Vereine<\/h5>\n<ul>\n<li><a href=\"http:\/\/blechmusik.de\/\" target=\"_blank\" rel=\"noopener noreferrer\">Musikverein Dirlewang e.V.<\/a><span class=\"Apple-converted-space\">\u00a0<\/span>\/<span class=\"Apple-converted-space\">\u00a0<\/span><a href=\"http:\/\/blaosband.de\/\" target=\"_blank\" rel=\"noopener noreferrer\">Dirlewanger Blaosband<\/a><\/li>\n<li><a href=\"https:\/\/heimatdienst.jimdofree.com\/\" target=\"_blank\" rel=\"noopener\">Heimatdienst Dirlewang e.V.<\/a><\/li>\n<li><a href=\"https:\/\/sg-dirlewang.de\/\" target=\"_blank\" rel=\"home noopener\">K\u00f6niglich privilegierte Sch\u00fctzengesellschaft Dirlewang 1868<\/a><\/li>\n<li><a href=\"https:\/\/narrwangia.de\/\" target=\"_blank\" rel=\"noopener\">Faschingsgesellschaft &#8222;Narrwangia&#8220;<\/a><\/li>\n<li><a href=\"http:\/\/www.fsvdirlewang.de\/\" target=\"_blank\" rel=\"noopener\">FSV Dirlewang 1920 e.V<\/a><\/li>\n<\/ul>\n<div><\/div>\n","protected":false},"excerpt":{"rendered":"<p>Nachfolgend finden Sie einige Links zu Informationen aus der Welt des Chorgesangs sowie zu befreundeten Ch\u00f6ren und Vereinen. Wir \u00fcberpr\u00fcfen in regelm\u00e4\u00dfigen Abst\u00e4nden die technische Funktion der Links. Wir \u00fcbernehmen aber keine Verantwortung f\u00fcr die Inhalte der verlinkten Seiten &#8211; siehe daher auch unser Disclaimer im Impressum. Sollte Ihnen auffallen, dass Links nicht funktionieren oder &hellip; <a href=\"https:\/\/maennerchor-dirlewang.de\/?page_id=39\" class=\"more-link\"><span class=\"screen-reader-text\">Links<\/span> weiterlesen <span class=\"meta-nav\">&rarr;<\/span><\/a><\/p>\n","protected":false},"author":3,"featured_media":0,"parent":0,"menu_order":80,"comment_status":"closed","ping_status":"closed","template":"","meta":{"footnotes":""},"class_list":["post-39","page","type-page","status-publish","hentry"],"_links":{"self":[{"href":"https:\/\/maennerchor-dirlewang.de\/index.php?rest_route=\/wp\/v2\/pages\/39","targetHints":{"allow":["GET"]}}],"collection":[{"href":"https:\/\/maennerchor-dirlewang.de\/index.php?rest_route=\/wp\/v2\/pages"}],"about":[{"href":"https:\/\/maennerchor-dirlewang.de\/index.php?rest_route=\/wp\/v2\/types\/page"}],"author":[{"embeddable":true,"href":"https:\/\/maennerchor-dirlewang.de\/index.php?rest_route=\/wp\/v2\/users\/3"}],"replies":[{"embeddable":true,"href":"https:\/\/maennerchor-dirlewang.de\/index.php?rest_route=%2Fwp%2Fv2%2Fcomments&post=39"}],"version-history":[{"count":16,"href":"https:\/\/maennerchor-dirlewang.de\/index.php?rest_route=\/wp\/v2\/pages\/39\/revisions"}],"predecessor-version":[{"id":1179,"href":"https:\/\/maennerchor-dirlewang.de\/index.php?rest_route=\/wp\/v2\/pages\/39\/revisions\/1179"}],"wp:attachment":[{"href":"https:\/\/maennerchor-dirlewang.de\/index.php?rest_route=%2Fwp%2Fv2%2Fmedia&parent=39"}],"curies":[{"name":"wp","href":"https:\/\/api.w.org\/{rel}","templated":true}]}}